{"id":1787,"date":"2023-04-25T07:34:06","date_gmt":"2023-04-25T07:34:06","guid":{"rendered":"https:\/\/demo.bravisthemes.com\/soluris\/?page_id=1787"},"modified":"2023-11-25T16:10:01","modified_gmt":"2023-11-25T16:10:01","slug":"about-us","status":"publish","type":"page","link":"https:\/\/hs.2japan.fr\/?page_id=1787","title":{"rendered":"A propos"},"content":{"rendered":"\t\t<div data-elementor-type=\"wp-page\" data-elementor-id=\"1787\" class=\"elementor elementor-1787\">\n\t\t\t\t\t\t\t        <section class=\"elementor-section elementor-top-section elementor-element elementor-element-1a13676 elementor-section-stretched elementor-section-boxed elementor-section-height-default elementor-section-height-default pxl-type-header-none pxl-bg-color-none pxl-row-scroll-none\" data-id=\"1a13676\" data-element_type=\"section\" data-settings=\"{&quot;stretch_section&quot;:&quot;section-stretched&quot;}\">\n\n                \n                <div class=\"elementor-container elementor-column-gap-extended \">\n                <div class=\"elementor-column elementor-col-50 elementor-top-column elementor-element elementor-element-792d095 pxl_section_offset-none pxl-container-width-container-1200 pxl-col-none pxl-column-none\" data-id=\"792d095\" data-element_type=\"column\">\r\n            <div class=\"elementor-widget-wrap elementor-element-populated\">\r\n                                    \t\t<div class=\"elementor-element elementor-element-d79c516 elementor-widget__width-initial elementor-widget elementor-widget-pxl_image_box\" data-id=\"d79c516\" data-element_type=\"widget\" data-widget_type=\"pxl_image_box.default\">\n\t\t\t\t<div class=\"elementor-widget-container\">\n\t\t\t<div class=\"pxl-image-box pxl-image-box3\" data-wow-delay=\"ms\">\r\n    <div class=\"pxl-item--inner\">\r\n                    <div class=\"pxl-item--image\">\r\n                <img fetchpriority=\"high\" decoding=\"async\" width=\"572\" height=\"603\" src=\"https:\/\/hs.2japan.fr\/wp-content\/uploads\/2023\/06\/h4-about-1.jpg\" class=\"pxl-image-wrap attachment-large\" alt=\"\" \/>                                                    <div class=\"pxl-item--icon\">\r\n                        <img decoding=\"async\" width=\"1810\" height=\"810\" src=\"https:\/\/hs.2japan.fr\/wp-content\/uploads\/2023\/10\/slide-home-6.jpg\" class=\"attachment-full\" alt=\"\" \/>                    <\/div>\r\n                            <\/div>\r\n\r\n        \r\n<\/div>\r\n<\/div>\t\t<\/div>\n\t\t\t\t<\/div>\n\t\t<div class=\"elementor-element elementor-element-738369d e-flex e-con-boxed e-con e-parent\" data-id=\"738369d\" data-element_type=\"container\" data-settings=\"{&quot;content_width&quot;:&quot;boxed&quot;}\" data-core-v316-plus=\"true\">\n\t\t\t\t\t<div class=\"e-con-inner\">\n\t\t\t\t\t<\/div>\n\t\t\t\t<\/div>\n\t\t\t\t<div class=\"elementor-element elementor-element-9d9065e elementor-widget elementor-widget-pxl_heading\" data-id=\"9d9065e\" data-element_type=\"widget\" data-widget_type=\"pxl_heading.default\">\n\t\t\t\t<div class=\"elementor-widget-container\">\n\t\t\t<div class=\"pxl-heading inherit\">\n\t<div class=\"pxl-heading--inner\">\n\t\t\t\t<h3 class=\"pxl-item--title  highlight-default \" data-wow-delay=\"ms\" >\n\t\tToujours \u00e0 votre disposition\n\n\n\t\t\t\t\n\t\t<\/h3>\n\t<\/div>\n<\/div>\n\n\t\t<\/div>\n\t\t\t\t<\/div>\n\t\t\t\t<div class=\"elementor-element elementor-element-d828a52 elementor-widget__width-initial elementor-widget elementor-widget-pxl_link\" data-id=\"d828a52\" data-element_type=\"widget\" data-widget_type=\"pxl_link.default\">\n\t\t\t\t<div class=\"elementor-widget-container\">\n\t\t\t    <ul class=\"pxl-link pxl-link-l1 style2  hv-style9 \" data-wow-delay=\"ms\">\r\n                    <li class=\"elementor-repeater-item-41727f9\">\r\n                <a >\r\n                    <i aria-hidden=\"true\" class=\"caseicon caseicon-check-mark\"><\/i>                    <span> R\u00e9duisez votre empreinte carbone<\/span>\r\n            <\/a>\r\n        <\/li>\r\n                <li class=\"elementor-repeater-item-d07f46e\">\r\n                <a >\r\n                    <i aria-hidden=\"true\" class=\"caseicon caseicon-check-mark\"><\/i>                    <span> Economisez sur vos factures !<\/span>\r\n            <\/a>\r\n        <\/li>\r\n    <\/ul>\r\n\t\t<\/div>\n\t\t\t\t<\/div>\n\t\t\t\t<div class=\"elementor-element elementor-element-3f6525e elementor-widget__width-auto elementor-widget elementor-widget-pxl_icon_box\" data-id=\"3f6525e\" data-element_type=\"widget\" data-widget_type=\"pxl_icon_box.default\">\n\t\t\t\t<div class=\"elementor-widget-container\">\n\t\t\t<div class=\"pxl-icon-box pxl-icon-box6 \" data-wow-delay=\"ms\">\r\n    <div class=\"pxl-item--inner\">\r\n                    <div class=\"pxl-item--icon\">\r\n                <i aria-hidden=\"true\" class=\"flaticon flaticon-rating-stars\"><\/i>            <\/div>\r\n                        <div class=\"pxl-item--holder\">\r\n            <div class=\"pxl-item--title el-empty\">\r\n                Expert solaire            <\/div>\r\n            <a >\r\n                          <\/a> \r\n       <\/div>\r\n   <\/div>\r\n<\/div>\r\n\r\n\t\t<\/div>\n\t\t\t\t<\/div>\n\t\t\t\t<div class=\"elementor-element elementor-element-f7189e5 elementor-widget__width-auto elementor-widget elementor-widget-pxl_button\" data-id=\"f7189e5\" data-element_type=\"widget\" data-widget_type=\"pxl_button.default\">\n\t\t\t\t<div class=\"elementor-widget-container\">\n\t\t\t<div class=\"pxl-button\">\r\n    <a class=\"btn  btn-secondary pxl-icon--left\" href=\"https:\/\/hs.2japan.fr\/contact\/\" data-wow-delay=\"ms\">\r\n                            <span class=\"pxl--btn-text pxl-wobble\" data-text=\"Contactez nous !\" data-animation=\"pxl-xspin\">\r\n                <span>C<\/span><span>o<\/span><span>n<\/span><span>t<\/span><span>a<\/span><span>c<\/span><span>t<\/span><span>e<\/span><span>z<\/span><span>&nbsp;<\/span><span>n<\/span><span>o<\/span><span>u<\/span><span>s<\/span><span>&nbsp;<\/span><span>!<\/span>            <\/span>\r\n            <\/a>\r\n<\/div>\t\t<\/div>\n\t\t\t\t<\/div>\n\t\t\t\t<div class=\"elementor-element elementor-element-8ac7044 elementor-widget__width-auto elementor-absolute elementor-widget elementor-widget-image\" data-id=\"8ac7044\" data-element_type=\"widget\" data-settings=\"{&quot;_position&quot;:&quot;absolute&quot;}\" data-widget_type=\"image.default\">\n\t\t\t\t<div class=\"elementor-widget-container\">\n\t\t\t<style>\/*! elementor - v3.17.0 - 08-11-2023 *\/\n.elementor-widget-image{text-align:center}.elementor-widget-image a{display:inline-block}.elementor-widget-image a img[src$=\".svg\"]{width:48px}.elementor-widget-image img{vertical-align:middle;display:inline-block}<\/style>\t\t\t\t\t\t\t\t\t\t\t\t<img decoding=\"async\" width=\"278\" height=\"274\" src=\"https:\/\/hs.2japan.fr\/wp-content\/uploads\/2023\/04\/layout1-left.png\" class=\"attachment-full size-full wp-image-1622\" alt=\"\" \/>\t\t\t\t\t\t\t\t\t\t\t\t\t\t\t<\/div>\n\t\t\t\t<\/div>\n\t\t\t\t<div class=\"elementor-element elementor-element-f871b54 elementor-widget__width-initial elementor-absolute elementor-widget elementor-widget-image\" data-id=\"f871b54\" data-element_type=\"widget\" data-settings=\"{&quot;_position&quot;:&quot;absolute&quot;}\" data-widget_type=\"image.default\">\n\t\t\t\t<div class=\"elementor-widget-container\">\n\t\t\t\t\t\t\t\t\t\t\t\t\t\t\t<img loading=\"lazy\" decoding=\"async\" width=\"1024\" height=\"1024\" src=\"https:\/\/hs.2japan.fr\/wp-content\/uploads\/2023\/11\/FarnetLight.png\" class=\"attachment-full size-full wp-image-5232\" alt=\"\" \/>\t\t\t\t\t\t\t\t\t\t\t\t\t\t\t<\/div>\n\t\t\t\t<\/div>\n\t\t\t\t<div class=\"elementor-element elementor-element-13bca2c elementor-widget__width-auto elementor-absolute slide-bottom-to-top elementor-widget elementor-widget-image\" data-id=\"13bca2c\" data-element_type=\"widget\" data-settings=\"{&quot;_position&quot;:&quot;absolute&quot;}\" data-widget_type=\"image.default\">\n\t\t\t\t<div class=\"elementor-widget-container\">\n\t\t\t\t\t\t\t\t\t\t\t\t\t\t\t<img loading=\"lazy\" decoding=\"async\" width=\"75\" height=\"156\" src=\"https:\/\/hs.2japan.fr\/wp-content\/uploads\/2023\/04\/dot.png\" class=\"attachment-full size-full wp-image-1611\" alt=\"\" \/>\t\t\t\t\t\t\t\t\t\t\t\t\t\t\t<\/div>\n\t\t\t\t<\/div>\n\t\t\t\t\t<\/div>\n\t\t<\/div>\n\t\t        <div class=\"elementor-column elementor-col-50 elementor-top-column elementor-element elementor-element-919b48f pxl_section_offset-none pxl-container-width-container-1200 pxl-col-none pxl-column-none\" data-id=\"919b48f\" data-element_type=\"column\">\r\n            <div class=\"elementor-widget-wrap elementor-element-populated\">\r\n                                    \t\t<div class=\"elementor-element elementor-element-b121826 elementor-widget elementor-widget-pxl_heading\" data-id=\"b121826\" data-element_type=\"widget\" data-widget_type=\"pxl_heading.default\">\n\t\t\t\t<div class=\"elementor-widget-container\">\n\t\t\t<div class=\"pxl-heading inherit\">\n\t<div class=\"pxl-heading--inner\">\n\t\t\t\t\t<div class=\"pxl-item--subtitle default \" data-wow-delay=\"ms\">\n\t\t\t\t<div class=\"wrap-subtitle\">\n\t\t\t\t\t<span>Qui somme nous ?<\/span>\n\t\t\t\t<\/div>\n\t\t\t<\/div>\n\t\t\t\t<h3 class=\"pxl-item--title  highlight-default \" data-wow-delay=\"ms\" >\n\t\tExperts en famille\n\n\n\t\t\t\t\n\t\t<\/h3>\n\t<\/div>\n<\/div>\n\n\t\t<\/div>\n\t\t\t\t<\/div>\n\t\t\t\t<div class=\"elementor-element elementor-element-fb6011b elementor-widget__width-initial elementor-widget elementor-widget-pxl_text_editor\" data-id=\"fb6011b\" data-element_type=\"widget\" data-widget_type=\"pxl_text_editor.default\">\n\t\t\t\t<div class=\"elementor-widget-container\">\n\t\t\t<div class=\"pxl-text-editor\">\n\t<div class=\"pxl-item--inner  ft-theme\" data-wow-delay=\"ms\">\n\t\t<div>Install\u00e9s \u00e0 Mougins, les membres de la famille FARNET ont \u00e9t\u00e9 actifs dans le tissu local et r\u00e9gional depuis pr\u00e8s de 40 ans.<\/div><div>Depuis les r\u00e9seaux fibre optique aux installations \u00e9lectriques d&#8217;entreprises, la vocation naturelle \u00e9tait d&#8217;\u00e9voluer vers un m\u00e9tier technologique adjacent : le solaire photovolta\u00efque.<\/div><div>L&#8217;entreprise Groupe Farnet vient d&#8217;\u00eatre cr\u00e9\u00e9e pour cette activit\u00e9, l&#8217;\u00e9quipe dirigeante est constitu\u00e9e de 3 membres :\u00a0<span class=\"il\">Eric<\/span>, Robert et Elisabeth; nous avons chacun nos sp\u00e9cialisations et les comp\u00e9tences associ\u00e9es.<\/div><div>\u00a0<\/div><div>Les installations photovolta\u00efques \u00e0 destination des particuliers avec r\u00e9injection sur le r\u00e9seau sont propos\u00e9es quotidiennement dans toutes les publicit\u00e9s, nous avons choisi l&#8217;exacte oppos\u00e9 \u00e0 savoir : la production solaire avec stockage d&#8217;\u00e9nergie, sans r\u00e9injection r\u00e9seau, et \u00e0 destination des communes et communaut\u00e9 de communes. Cela concerne principalement des projets pour l&#8217;\u00e9clairage public, ainsi que des installations \u00e0 destination des EPI.<\/div><div>Nous souhaitons participer \u00e0 une transition \u00e9nerg\u00e9tique solaire intelligente et n\u00e9cessaire au profit des communes locales de notre d\u00e9partement dans un premier temps, puis d&#8217;\u00e9tendre g\u00e9ographiquement des projets \u00e0 des communes Varoises.<\/div><div>\u00a0<\/div><div>Toutes les comp\u00e9tences ( \u00e9tude et r\u00e9alisation du projet ainsi qu&#8217;ult\u00e9rieurement la maintenance ) seront bas\u00e9es localement \u00e0 Mougins. La mise en \u0153uvre sur le terrain sera faite, sous notre direction, par des entreprises locales de TP que nous connaissons bien. Nous proposons une solution innovante \u00e0 bien des \u00e9gards pour s&#8217;adapter au plus grand nombre des demandes qui nous sont faites.<\/div>\t<\/div>\n<\/div>\t\t<\/div>\n\t\t\t\t<\/div>\n\t\t        <section class=\"elementor-section elementor-inner-section elementor-element elementor-element-89d5295 elementor-section-boxed elementor-section-height-default elementor-section-height-default pxl-type-header-none pxl-bg-color-none pxl-row-scroll-none\" data-id=\"89d5295\" data-element_type=\"section\">\n\n                \n                <div class=\"elementor-container elementor-column-gap-default \">\n                <div class=\"elementor-column elementor-col-50 elementor-inner-column elementor-element elementor-element-e47b356 pxl_section_offset-none pxl-container-width-container-1200 pxl-col-none pxl-column-none\" data-id=\"e47b356\" data-element_type=\"column\">\r\n            <div class=\"elementor-widget-wrap\">\r\n                                    \t\t\t<\/div>\n\t\t<\/div>\n\t\t        <div class=\"elementor-column elementor-col-50 elementor-inner-column elementor-element elementor-element-395cab1 pxl_section_offset-none pxl-container-width-container-1200 pxl-col-none pxl-column-none\" data-id=\"395cab1\" data-element_type=\"column\">\r\n            <div class=\"elementor-widget-wrap\">\r\n                                    \t\t\t<\/div>\n\t\t<\/div>\n\t\t\t\t\t\t\t<\/div>\n\t\t<\/section>\n\t\t\t\t<div class=\"elementor-element elementor-element-9261232 elementor-absolute elementor-widget elementor-widget-image\" data-id=\"9261232\" data-element_type=\"widget\" data-settings=\"{&quot;_position&quot;:&quot;absolute&quot;}\" data-widget_type=\"image.default\">\n\t\t\t\t<div class=\"elementor-widget-container\">\n\t\t\t\t\t\t\t\t\t\t\t\t\t\t\t<img loading=\"lazy\" decoding=\"async\" width=\"193\" height=\"187\" src=\"https:\/\/hs.2japan.fr\/wp-content\/uploads\/2023\/04\/circle05-1.png\" class=\"attachment-full size-full wp-image-1800\" alt=\"\" \/>\t\t\t\t\t\t\t\t\t\t\t\t\t\t\t<\/div>\n\t\t\t\t<\/div>\n\t\t\t\t\t<\/div>\n\t\t<\/div>\n\t\t\t\t\t\t\t<\/div>\n\t\t<\/section>\n\t\t        <section class=\"elementor-section elementor-top-section elementor-element elementor-element-72d5054 elementor-section-stretched elementor-section-boxed elementor-section-height-default elementor-section-height-default pxl-type-header-none pxl-bg-color-none pxl-row-scroll-none\" data-id=\"72d5054\" data-element_type=\"section\" data-settings=\"{&quot;stretch_section&quot;:&quot;section-stretched&quot;,&quot;background_background&quot;:&quot;classic&quot;}\">\n\n                            <div class=\"elementor-background-overlay\"><\/div>\n            \n                <div class=\"elementor-container elementor-column-gap-extended \">\n                <div class=\"elementor-column elementor-col-50 elementor-top-column elementor-element elementor-element-4000c74 pxl_section_offset-none pxl-container-width-container-1200 pxl-col-none pxl-column-none\" data-id=\"4000c74\" data-element_type=\"column\">\r\n            <div class=\"elementor-widget-wrap elementor-element-populated\">\r\n                                    \t\t<div class=\"elementor-element elementor-element-df2f69d elementor-invisible elementor-widget elementor-widget-pxl_heading\" data-id=\"df2f69d\" data-element_type=\"widget\" data-settings=\"{&quot;_animation&quot;:&quot;fadeInDown&quot;}\" data-widget_type=\"pxl_heading.default\">\n\t\t\t\t<div class=\"elementor-widget-container\">\n\t\t\t<div class=\"pxl-heading inherit\">\n\t<div class=\"pxl-heading--inner\">\n\t\t\t\t\t<div class=\"pxl-item--subtitle default \" data-wow-delay=\"ms\">\n\t\t\t\t<div class=\"wrap-subtitle\">\n\t\t\t\t\t<span>Faites appels \u00e0 nos expert<\/span>\n\t\t\t\t<\/div>\n\t\t\t<\/div>\n\t\t\t\t<h3 class=\"pxl-item--title  highlight-default \" data-wow-delay=\"ms\" >\n\t\tConstruire l&#8217;\u00e9nergie de demain\n\n\n\t\t\t\t\n\t\t<\/h3>\n\t<\/div>\n<\/div>\n\n\t\t<\/div>\n\t\t\t\t<\/div>\n\t\t\t\t<div class=\"elementor-element elementor-element-c07ad4b elementor-invisible elementor-widget elementor-widget-pxl_icon_box\" data-id=\"c07ad4b\" data-element_type=\"widget\" data-settings=\"{&quot;_animation&quot;:&quot;fadeInLeft&quot;}\" data-widget_type=\"pxl_icon_box.default\">\n\t\t\t\t<div class=\"elementor-widget-container\">\n\t\t\t<div class=\"pxl-icon-box pxl-icon-box4 \" data-wow-delay=\"ms\">\r\n    <div class=\"pxl-item--inner\">\r\n                    <div class=\"pxl-item--icon\">\r\n                <i aria-hidden=\"true\" class=\"caseicon caseicon-check\"><\/i>            <\/div>\r\n                        <div class=\"pxl-item--holder\">\r\n            <div class=\"pxl-item--title el-empty\">\r\n                Pour une \u00e9n\u00e9rgie saine            <\/div>\r\n            <a >\r\n               Sauvegardez la plan\u00e8te, consommez mieux, r\u00e9duisez votre empreinte carbone tout en r\u00e9duisant les d\u00e9penses, sans vous priver !           <\/a> \r\n       <\/div>\r\n   <\/div>\r\n<\/div>\r\n\r\n\t\t<\/div>\n\t\t\t\t<\/div>\n\t\t\t\t<div class=\"elementor-element elementor-element-4ac390a elementor-invisible elementor-widget elementor-widget-pxl_icon_box\" data-id=\"4ac390a\" data-element_type=\"widget\" data-settings=\"{&quot;_animation&quot;:&quot;fadeInLeft&quot;}\" data-widget_type=\"pxl_icon_box.default\">\n\t\t\t\t<div class=\"elementor-widget-container\">\n\t\t\t<div class=\"pxl-icon-box pxl-icon-box4 \" data-wow-delay=\"ms\">\r\n    <div class=\"pxl-item--inner\">\r\n                    <div class=\"pxl-item--icon\">\r\n                <i aria-hidden=\"true\" class=\"caseicon caseicon-check\"><\/i>            <\/div>\r\n                        <div class=\"pxl-item--holder\">\r\n            <div class=\"pxl-item--title el-empty\">\r\n                Expert \u00e0 votre disposition            <\/div>\r\n            <a >\r\n               Nos \u00e9quipes pourront vous conseiller et vous accompagnez dans votre d\u00e9marche, aucune de vos questions ne restera sans r\u00e9ponse           <\/a> \r\n       <\/div>\r\n   <\/div>\r\n<\/div>\r\n\r\n\t\t<\/div>\n\t\t\t\t<\/div>\n\t\t\t\t\t<\/div>\n\t\t<\/div>\n\t\t        <div class=\"elementor-column elementor-col-50 elementor-top-column elementor-element elementor-element-b0c9727 pxl_section_offset-none pxl-container-width-container-1200 pxl-col-none pxl-column-none\" data-id=\"b0c9727\" data-element_type=\"column\">\r\n            <div class=\"elementor-widget-wrap elementor-element-populated\">\r\n                                    \t\t<div class=\"elementor-element elementor-element-4dcd9d6 elementor-invisible elementor-widget elementor-widget-pxl_text_editor\" data-id=\"4dcd9d6\" data-element_type=\"widget\" data-settings=\"{&quot;_animation&quot;:&quot;fadeInDown&quot;}\" data-widget_type=\"pxl_text_editor.default\">\n\t\t\t\t<div class=\"elementor-widget-container\">\n\t\t\t<div class=\"pxl-text-editor\">\n\t<div class=\"pxl-item--inner  ft-theme\" data-wow-delay=\"ms\">\n\t\t<p>Nous sommes convaincu, que le renouvellement des parc \u00e9nerg\u00e9tique est la clef de voute de la sauvegarde de l&#8217;environnement.<\/p>\t<\/div>\n<\/div>\t\t<\/div>\n\t\t\t\t<\/div>\n\t\t\t\t<div class=\"elementor-element elementor-element-7f4a310 elementor-invisible elementor-widget elementor-widget-pxl_contact_form\" data-id=\"7f4a310\" data-element_type=\"widget\" data-settings=\"{&quot;_animation&quot;:&quot;fadeInRight&quot;}\" data-widget_type=\"pxl_contact_form.default\">\n\t\t\t\t<div class=\"elementor-widget-container\">\n\t\t\t    <div class=\"pxl-contact-form pxl-contact-form1 button-style1 btn-w-auto \" data-wow-delay=\"ms\">\r\n        \n<div class=\"wpcf7 no-js\" id=\"wpcf7-f547-o1\" lang=\"en-US\" dir=\"ltr\">\n<div class=\"screen-reader-response\"><p role=\"status\" aria-live=\"polite\" aria-atomic=\"true\"><\/p> <ul><\/ul><\/div>\n<form action=\"\/index.php?rest_route=%2Fwp%2Fv2%2Fpages%2F1787#wpcf7-f547-o1\" method=\"post\" class=\"wpcf7-form init\" aria-label=\"Contact form\" novalidate=\"novalidate\" data-status=\"init\">\n<div style=\"display: none;\">\n<input type=\"hidden\" name=\"_wpcf7\" value=\"547\" \/>\n<input type=\"hidden\" name=\"_wpcf7_version\" value=\"5.8.3\" \/>\n<input type=\"hidden\" name=\"_wpcf7_locale\" value=\"en_US\" \/>\n<input type=\"hidden\" name=\"_wpcf7_unit_tag\" value=\"wpcf7-f547-o1\" \/>\n<input type=\"hidden\" name=\"_wpcf7_container_post\" value=\"0\" \/>\n<input type=\"hidden\" name=\"_wpcf7_posted_data_hash\" value=\"\" \/>\n<\/div>\n<div class=\"uacf7-form-547\"><div class=\"wp-row-ctf7 contact-form-home\">\n    <div class=\"pxl-logo-form\"><\/div>\n    <div class=\"pxl-logo-form-2\"><\/div>\n    <h3 class=\"pxl-title-form\">Formulaire de contact<\/h3>\n    <div class=\"row input-contact\">\n        <div class=\"col-xl-12 col-lg-12 col-md-12 col-sm-12 input-name\">\n            <div class=\"input-filled\"><span class=\"wpcf7-form-control-wrap\" data-name=\"your-name\"><input size=\"40\" class=\"wpcf7-form-control wpcf7-text wpcf7-validates-as-required\" aria-required=\"true\" aria-invalid=\"false\" placeholder=\"Nom\" value=\"\" type=\"text\" name=\"your-name\" \/><\/span><\/div>\n        <\/div>\n        <div class=\"col-xl-12 col-lg-12 col-md-12 col-sm-12 input-email\">\n            <div class=\"input-filled\"><span class=\"wpcf7-form-control-wrap\" data-name=\"your-email\"><input size=\"40\" class=\"wpcf7-form-control wpcf7-email wpcf7-validates-as-required wpcf7-text wpcf7-validates-as-email\" aria-required=\"true\" aria-invalid=\"false\" placeholder=\"Email\" value=\"\" type=\"email\" name=\"your-email\" \/><\/span><\/div>\n        <\/div>\n        <div class=\"col-xl-12 col-lg-12 col-md-12 col-sm-12 input-phone\">\n            <div class=\"input-filled\"><span class=\"wpcf7-form-control-wrap\" data-name=\"your-phone\"><input size=\"40\" class=\"wpcf7-form-control wpcf7-tel wpcf7-validates-as-required wpcf7-text wpcf7-validates-as-tel\" aria-required=\"true\" aria-invalid=\"false\" placeholder=\"T\u00e9l\u00e9phone\" value=\"\" type=\"tel\" name=\"your-phone\" \/><\/span><\/div>\n        <\/div>\n        <div class=\"col-xl-12 col-lg-12 col-md-12 col-sm-12 input-text-area\">\n            <div class=\"input-filled\"><span class=\"wpcf7-form-control-wrap\" data-name=\"message\"><textarea cols=\"40\" rows=\"10\" class=\"wpcf7-form-control wpcf7-textarea wpcf7-validates-as-required\" aria-required=\"true\" aria-invalid=\"false\" placeholder=\"Message\" name=\"message\"><\/textarea><\/span><\/div>\n        <\/div>\n        <div class=\"col-xl-12 col-lg-12 col-md-12 col-sm-12 submit-form btn-input\">\n            <button type=\"submit\" class=\"btn btn-primary pxl-wobble\" data-animation=\"pxl-xspin\">Envoyer<\/button>\n        <\/div>\n    <\/div>\n<\/div><\/div><div class=\"wpcf7-response-output\" aria-hidden=\"true\"><\/div>\n<\/form>\n<\/div>\n    <\/div>\r\n\t\t<\/div>\n\t\t\t\t<\/div>\n\t\t\t\t\t<\/div>\n\t\t<\/div>\n\t\t\t\t\t\t\t<\/div>\n\t\t<\/section>\n\t\t        <section class=\"elementor-section elementor-top-section elementor-element elementor-element-533d0c9 elementor-section-boxed elementor-section-height-default elementor-section-height-default pxl-type-header-none pxl-bg-color-none pxl-row-scroll-none\" data-id=\"533d0c9\" data-element_type=\"section\">\n\n                \n                <div class=\"elementor-container elementor-column-gap-default \">\n                <div class=\"elementor-column elementor-col-100 elementor-top-column elementor-element elementor-element-22bf677 pxl_section_offset-none pxl-container-width-container-1200 pxl-col-none pxl-column-none\" data-id=\"22bf677\" data-element_type=\"column\">\r\n            <div class=\"elementor-widget-wrap\">\r\n                                    \t\t\t<\/div>\n\t\t<\/div>\n\t\t\t\t\t\t\t<\/div>\n\t\t<\/section>\n\t\t        <section class=\"elementor-section elementor-top-section elementor-element elementor-element-726b4ab elementor-section-full_width elementor-section-stretched elementor-section-height-default elementor-section-height-default pxl-type-header-none pxl_section_offset-none pxl-bg-color-none pxl-full-content-with-space-none pxl-row-scroll-none\" data-id=\"726b4ab\" data-element_type=\"section\" data-settings=\"{&quot;stretch_section&quot;:&quot;section-stretched&quot;}\">\n\n                \n                <div class=\"elementor-container elementor-column-gap-extended \">\n                <div class=\"elementor-column elementor-col-100 elementor-top-column elementor-element elementor-element-4b63bf6 pxl_section_offset-none pxl-container-width-container-1200 pxl-col-none pxl-column-none\" data-id=\"4b63bf6\" data-element_type=\"column\">\r\n            <div class=\"elementor-widget-wrap\">\r\n                                    \t\t\t<\/div>\n\t\t<\/div>\n\t\t\t\t\t\t\t<\/div>\n\t\t<\/section>\n\t\t<div class=\"elementor-element elementor-element-d71acbe e-flex e-con-boxed e-con e-parent\" data-id=\"d71acbe\" data-element_type=\"container\" data-settings=\"{&quot;content_width&quot;:&quot;boxed&quot;}\" data-core-v316-plus=\"true\">\n\t\t\t\t\t<div class=\"e-con-inner\">\n\t\t\t\t\t<\/div>\n\t\t\t\t<\/div>\n\t\t<div class=\"elementor-element elementor-element-8bb5812 e-flex e-con-boxed e-con e-parent\" data-id=\"8bb5812\" data-element_type=\"container\" data-settings=\"{&quot;content_width&quot;:&quot;boxed&quot;}\" data-core-v316-plus=\"true\">\n\t\t\t\t\t<div class=\"e-con-inner\">\n\t\t\t\t\t<\/div>\n\t\t\t\t<\/div>\n\t\t<div class=\"elementor-element elementor-element-8e11907 e-flex e-con-boxed e-con e-parent\" data-id=\"8e11907\" data-element_type=\"container\" data-settings=\"{&quot;content_width&quot;:&quot;boxed&quot;}\" data-core-v316-plus=\"true\">\n\t\t\t\t\t<div class=\"e-con-inner\">\n\t\t\t\t\t<\/div>\n\t\t\t\t<\/div>\n\t\t<div class=\"elementor-element elementor-element-72e17e5 e-flex e-con-boxed e-con e-parent\" data-id=\"72e17e5\" data-element_type=\"container\" data-settings=\"{&quot;content_width&quot;:&quot;boxed&quot;}\" data-core-v316-plus=\"true\">\n\t\t\t\t\t<div class=\"e-con-inner\">\n\t\t\t\t\t<\/div>\n\t\t\t\t<\/div>\n\t\t\t\t\t\t\t<\/div>\n\t\t","protected":false},"excerpt":{"rendered":"<p>Toujours \u00e0 votre disposition R\u00e9duisez votre empreinte carbone Economisez sur vos factures ! Expert solaire Contactez&nbsp;nous&nbsp;! Qui somme nous ? Experts en famille Install\u00e9s \u00e0 Mougins, les membres de la famille FARNET ont \u00e9t\u00e9 actifs dans le tissu local et r\u00e9gional depuis pr\u00e8s de 40 ans.Depuis les r\u00e9seaux fibre optique aux installations \u00e9lectriques d&#8217;entreprises, la [&hellip;]<\/p>\n","protected":false},"author":1,"featured_media":0,"parent":0,"menu_order":0,"comment_status":"closed","ping_status":"closed","template":"","meta":{"footnotes":""},"class_list":["post-1787","page","type-page","status-publish","hentry"],"_links":{"self":[{"href":"https:\/\/hs.2japan.fr\/index.php?rest_route=\/wp\/v2\/pages\/1787","targetHints":{"allow":["GET"]}}],"collection":[{"href":"https:\/\/hs.2japan.fr\/index.php?rest_route=\/wp\/v2\/pages"}],"about":[{"href":"https:\/\/hs.2japan.fr\/index.php?rest_route=\/wp\/v2\/types\/page"}],"author":[{"embeddable":true,"href":"https:\/\/hs.2japan.fr\/index.php?rest_route=\/wp\/v2\/users\/1"}],"replies":[{"embeddable":true,"href":"https:\/\/hs.2japan.fr\/index.php?rest_route=%2Fwp%2Fv2%2Fcomments&post=1787"}],"version-history":[{"count":80,"href":"https:\/\/hs.2japan.fr\/index.php?rest_route=\/wp\/v2\/pages\/1787\/revisions"}],"predecessor-version":[{"id":5271,"href":"https:\/\/hs.2japan.fr\/index.php?rest_route=\/wp\/v2\/pages\/1787\/revisions\/5271"}],"wp:attachment":[{"href":"https:\/\/hs.2japan.fr\/index.php?rest_route=%2Fwp%2Fv2%2Fmedia&parent=1787"}],"curies":[{"name":"wp","href":"https:\/\/api.w.org\/{rel}","templated":true}]}}